{"id":25,"date":"2023-02-02T19:16:38","date_gmt":"2023-02-02T19:16:38","guid":{"rendered":"https:\/\/inb.unam.mx\/yoinb\/?page_id=25"},"modified":"2023-08-16T15:00:31","modified_gmt":"2023-08-16T21:00:31","slug":"nuestra-labor","status":"publish","type":"page","link":"https:\/\/inb.unam.mx\/yoinb\/nuestra-labor\/","title":{"rendered":"Nuestra Labor"},"content":{"rendered":"\n<div class=\"wp-block-group is-layout-constrained wp-block-group-is-layout-constrained\">\n<div class=\"wp-block-media-text has-media-on-the-right is-stacked-on-mobile is-vertically-aligned-center is-image-fill\" style=\"grid-template-columns:auto 54%\"><div class=\"wp-block-media-text__content\">\n<h4 class=\"wp-block-heading\"><strong>Investigaci\u00f3n<\/strong><\/h4>\n\n\n\n<p class=\"has-small-font-size\">El INb estudia el cerebro en varios niveles: desde elementos moleculares y celulares, pasando por \u00f3rganos y sistemas, hasta las propiedades emergentes m\u00e1s complejas como la conducta y la cognici\u00f3n, a partir de la etapa embrionaria, hasta la madurez y el envejecimiento, tanto en la salud como en la enfermedad.<\/p>\n<\/div><figure class=\"wp-block-media-text__media\" style=\"background-image:url(https:\/\/inb.unam.mx\/yoinb\/wp-content\/uploads\/2023\/02\/ANALIS-43.jpg);background-position:41% 64%\"><img loading=\"lazy\" decoding=\"async\" width=\"1080\" height=\"720\" src=\"https:\/\/inb.unam.mx\/yoinb\/wp-content\/uploads\/2023\/02\/ANALIS-43.jpg\" alt=\"\" class=\"wp-image-104 size-full\"\/><\/figure><\/div>\n<\/div>\n\n\n\n<hr class=\"wp-block-separator has-alpha-channel-opacity is-style-wide\"\/>\n\n\n\n<div class=\"wp-block-media-text has-media-on-the-right is-stacked-on-mobile is-vertically-aligned-bottom is-image-fill\" style=\"grid-template-columns:auto 54%\"><div class=\"wp-block-media-text__content\">\n<h4 class=\"wp-block-heading\"><strong>Docencia<\/strong><\/h4>\n\n\n\n<p class=\"has-small-font-size\">El INb forma profesionales altamente especializados y competitivos en las \u00e1reas de neurobiolog\u00eda, ciencias biom\u00e9dicas y psicolog\u00eda a trav\u00e9s de su participaci\u00f3n en:<\/p>\n<\/div><figure class=\"wp-block-media-text__media\" style=\"background-image:url(https:\/\/inb.unam.mx\/yoinb\/wp-content\/uploads\/2023\/02\/CLAS-20.jpg);background-position:50% 50%\"><img loading=\"lazy\" decoding=\"async\" width=\"1080\" height=\"720\" src=\"https:\/\/inb.unam.mx\/yoinb\/wp-content\/uploads\/2023\/02\/CLAS-20.jpg\" alt=\"\" class=\"wp-image-109 size-full\"\/><\/figure><\/div>\n\n\n\n<ul class=\"has-small-font-size wp-block-list\">\n<li>Licenciatura en Neurociencias<\/li>\n\n\n\n<li>Maestr\u00eda en Ciencias (Neurobiolog\u00eda)<\/li>\n\n\n\n<li>Doctorado en Ciencias Biom\u00e9dicas<\/li>\n\n\n\n<li>Doctorado en Psicolog\u00eda<\/li>\n\n\n\n<li>Educaci\u00f3n continua en Neurodesarrollo, Bioinform\u00e1tica y Resonancia Magn\u00e9tica<\/li>\n<\/ul>\n\n\n\n<p class=\"has-small-font-size\">Alrededor del 70 % de los egresados de sus posgrados se han integrado a instituciones de los sectores acad\u00e9mico y del cuidado a la salud a nivel regional, nacional e internacional, descentralizando y fortaleciendo la investigaci\u00f3n y ense\u00f1anza.<\/p>\n\n\n\n<hr class=\"wp-block-separator has-alpha-channel-opacity is-style-wide\"\/>\n\n\n\n<div class=\"wp-block-media-text has-media-on-the-right is-stacked-on-mobile is-image-fill\" style=\"grid-template-columns:auto 54%\"><div class=\"wp-block-media-text__content\">\n<h4 class=\"wp-block-heading\"><strong>Vinculaci\u00f3n<\/strong><\/h4>\n\n\n\n<p class=\"has-small-font-size\">La solidez del trabajo de investigaci\u00f3n del INb ha derivado en resultados que pone a disposici\u00f3n de la sociedad para el desarrollo de f\u00e1rmacos, tecnolog\u00eda y atenci\u00f3n cl\u00ednica, tales como:<\/p>\n<\/div><figure class=\"wp-block-media-text__media\" style=\"background-image:url(https:\/\/inb.unam.mx\/yoinb\/wp-content\/uploads\/2023\/02\/REHA-14.jpg);background-position:50% 50%\"><img loading=\"lazy\" decoding=\"async\" width=\"1080\" height=\"720\" src=\"https:\/\/inb.unam.mx\/yoinb\/wp-content\/uploads\/2023\/02\/REHA-14.jpg\" alt=\"\" class=\"wp-image-126 size-full\"\/><\/figure><\/div>\n\n\n\n<ul class=\"has-small-font-size wp-block-list\">\n<li>Protocolos de diagn\u00f3stico y neurohabilitaci\u00f3n de beb\u00e9s con antecedentes de riesgo de da\u00f1o cerebral.<\/li>\n\n\n\n<li>Sustancias activas con potencial para el tratamiento de dolor, retinopat\u00edas, artritis y c\u00e1ncer.<\/li>\n<\/ul>\n\n\n\n<figure class=\"wp-block-image size-full\"><img loading=\"lazy\" decoding=\"async\" width=\"1080\" height=\"423\" src=\"https:\/\/inb.unam.mx\/yoinb\/wp-content\/uploads\/2023\/02\/CLAS-25_b.jpg\" alt=\"\" class=\"wp-image-148\"\/><\/figure>\n\n\n\n<p class=\"has-small-font-size\">El INb cuenta con la capacidad humana y t\u00e9cnica especializada para realizar servicios de apoyo a la investigaci\u00f3n y a la industria de salud, farmac\u00e9utica, alimentos, manufactura y deporte, incluyendo:<\/p>\n\n\n\n<ul class=\"has-small-font-size wp-block-list\">\n<li>Imagen por Resonancia Magn\u00e9tica<\/li>\n\n\n\n<li>An\u00e1lisis molecular<\/li>\n\n\n\n<li>An\u00e1lisis de microscop\u00eda de tejidos y materiales<\/li>\n\n\n\n<li>An\u00e1lisis del movimiento y de la conducta<\/li>\n\n\n\n<li>Producci\u00f3n de modelos experimentales de alta calidad<\/li>\n\n\n\n<li>C\u00f3mputo<\/li>\n<\/ul>\n\n\n\n<div style=\"height:22px\" aria-hidden=\"true\" class=\"wp-block-spacer\"><\/div>\n\n\n\n<div class=\"wp-block-buttons is-content-justification-center is-layout-flex wp-container-core-buttons-is-layout-a89b3969 wp-block-buttons-is-layout-flex\">\n<div class=\"wp-block-button has-custom-font-size is-style-fill\" style=\"font-size:1.6rem\"><a class=\"wp-block-button__link has-luminous-vivid-amber-background-color has-background wp-element-button\" href=\"https:\/\/inb.unam.mx\/yoinb\/donacion\/\" style=\"border-radius:15px;padding-top:var(--wp--preset--spacing--20);padding-right:var(--wp--preset--spacing--40);padding-bottom:var(--wp--preset--spacing--20);padding-left:var(--wp--preset--spacing--40)\"><strong>Dona aqu\u00ed<\/strong><\/a><\/div>\n<\/div>\n\n\n\n<div style=\"height:11px\" aria-hidden=\"true\" class=\"wp-block-spacer\"><\/div>\n\n\n\n<p><\/p>\n","protected":false},"excerpt":{"rendered":"<p>Investigaci\u00f3n El INb estudia el cerebro en varios niveles: desde elementos moleculares y celulares, pasando por \u00f3rganos y sistemas, hasta las propiedades emergentes m\u00e1s complejas como la conducta y la cognici\u00f3n, a partir de la etapa embrionaria, hasta la madurez y el envejecimiento, tanto en la salud como en la enfermedad. Docencia El INb forma [&hellip;]<\/p>\n","protected":false},"author":2,"featured_media":0,"parent":0,"menu_order":0,"comment_status":"closed","ping_status":"closed","template":"","meta":{"footnotes":""},"class_list":["post-25","page","type-page","status-publish","hentry"],"_links":{"self":[{"href":"https:\/\/inb.unam.mx\/yoinb\/wp-json\/wp\/v2\/pages\/25","targetHints":{"allow":["GET"]}}],"collection":[{"href":"https:\/\/inb.unam.mx\/yoinb\/wp-json\/wp\/v2\/pages"}],"about":[{"href":"https:\/\/inb.unam.mx\/yoinb\/wp-json\/wp\/v2\/types\/page"}],"author":[{"embeddable":true,"href":"https:\/\/inb.unam.mx\/yoinb\/wp-json\/wp\/v2\/users\/2"}],"replies":[{"embeddable":true,"href":"https:\/\/inb.unam.mx\/yoinb\/wp-json\/wp\/v2\/comments?post=25"}],"version-history":[{"count":11,"href":"https:\/\/inb.unam.mx\/yoinb\/wp-json\/wp\/v2\/pages\/25\/revisions"}],"predecessor-version":[{"id":281,"href":"https:\/\/inb.unam.mx\/yoinb\/wp-json\/wp\/v2\/pages\/25\/revisions\/281"}],"wp:attachment":[{"href":"https:\/\/inb.unam.mx\/yoinb\/wp-json\/wp\/v2\/media?parent=25"}],"curies":[{"name":"wp","href":"https:\/\/api.w.org\/{rel}","templated":true}]}}