{"id":28,"date":"2023-02-02T13:44:29","date_gmt":"2023-02-02T19:44:29","guid":{"rendered":"https:\/\/inb.unam.mx\/yoinb\/?page_id=28"},"modified":"2023-11-03T10:16:21","modified_gmt":"2023-11-03T16:16:21","slug":"proyectos-estrategicos","status":"publish","type":"page","link":"https:\/\/inb.unam.mx\/yoinb\/proyectos-estrategicos\/","title":{"rendered":"Campa\u00f1a YoINb"},"content":{"rendered":"\n<p class=\"has-text-align-center\">El\u00a0<strong>Instituto de Neurobiolog\u00eda\u00a0<\/strong>invita\u00a0a diversos sectores de la sociedad a contribuir con\u00a0recursos financieros que fortalecer\u00e1n la\u00a0modernizaci\u00f3n de su capacidad de investigaci\u00f3n\u00a0y de servicios, y el continuar formando\u00a0especialistas altamente competitivos.<\/p>\n\n\n\n<p class=\"has-text-align-center\">La\u00a0<strong>Campa\u00f1a Financiera Yo INb<\/strong> impulsar\u00e1 la\u00a0renovaci\u00f3n del equipamiento cient\u00edfico, la infraestructura experimental y los proyectos\u00a0prioritarios de vinculaci\u00f3n del INb.\u00a0\u00a0<\/p>\n\n\n\n<div style=\"height:5px\" aria-hidden=\"true\" class=\"wp-block-spacer\"><\/div>\n\n\n\n<h4 class=\"wp-block-heading has-text-align-center has-text-color has-large-font-size\" style=\"color:#e6a900\"><strong>La meta es alcanzar 50 millones de pesos.<\/strong><\/h4>\n\n\n\n<div style=\"height:6px\" aria-hidden=\"true\" class=\"wp-block-spacer\"><\/div>\n\n\n\n<p class=\"has-text-align-center\"><strong>Conoce y colabora <\/strong>con los proyectos estrat\u00e9gicos que impulsamos:<\/p>\n\n\n\n<div style=\"height:4px\" aria-hidden=\"true\" class=\"wp-block-spacer\"><\/div>\n\n\n\n<ol class=\"wp-block-list\">\n<li><a href=\"#ampliacion-neurodesarrollo\" data-type=\"internal\" data-id=\"#ampliacion-neurodesarrollo\">Ampliaci\u00f3n de la capacidad de atenci\u00f3n de la Unidad de Investigaci\u00f3n en Neurodesarrollo (UIND)<\/a><\/li>\n\n\n\n<li>Actualizaci\u00f3n de los resonadores de la Unidad de Resonancia Magn\u00e9tica (URM)<\/li>\n\n\n\n<li>Modernizaci\u00f3n de las unidades de servicios especializados a la investigaci\u00f3n y a la industria<\/li>\n\n\n\n<li>Impulso de la vinculaci\u00f3n para la investigaci\u00f3n traslacional y servicios especializados<\/li>\n\n\n\n<li>Fortalecimiento de la ense\u00f1anza en neurociencias.<\/li>\n<\/ol>\n\n\n\n<div style=\"height:16px\" aria-hidden=\"true\" class=\"wp-block-spacer\"><\/div>\n\n\n\n<div class=\"wp-block-cover is-light has-custom-content-position is-position-bottom-center\" style=\"min-height:261px;aspect-ratio:unset;\" id=\"ampliacion-neurodesarrollo\"><span aria-hidden=\"true\" class=\"wp-block-cover__background has-background-dim\"><\/span><img loading=\"lazy\" decoding=\"async\" width=\"1080\" height=\"360\" class=\"wp-block-cover__image-background wp-image-156\" alt=\"\" src=\"https:\/\/inb.unam.mx\/yoinb\/wp-content\/uploads\/2023\/02\/REHA-41_B.jpg\" style=\"object-position:0% 56%\" data-object-fit=\"cover\" data-object-position=\"0% 56%\"\/><div class=\"wp-block-cover__inner-container is-layout-flow wp-block-cover-is-layout-flow\">\n<p class=\"has-text-align-left has-background-color has-text-color has-large-font-size\"><strong>1.- Ampliaci\u00f3n de la capacidad de atenci\u00f3n de la Unidad de Investigaci\u00f3n en Neurodesarrollo (UIND)<\/strong><\/p>\n<\/div><\/div>\n\n\n\n<div class=\"wp-block-columns is-layout-flex wp-container-core-columns-is-layout-28f84493 wp-block-columns-is-layout-flex\">\n<div class=\"wp-block-column is-layout-constrained wp-block-column-is-layout-constrained\">\n<p class=\"has-text-align-left has-small-font-size\">La Unidad de Investigaci\u00f3n en Neurodesarrollo (UIND) realiza anualmente el diagn\u00f3stico y neurohabilitaci\u00f3n temprana de alrededor de 1,600 beb\u00e9s expuestos a factores de riesgo de da\u00f1o cerebral antes y despu\u00e9s de su nacimiento. <\/p>\n\n\n\n<p class=\"has-small-font-size\">Como resultado de su intervenci\u00f3n, logra que cerca del 80% recuperen capacidades, tales como su actividad motora.<\/p>\n<\/div>\n\n\n\n<div class=\"wp-block-column is-layout-constrained wp-block-column-is-layout-constrained\">\n<p class=\"has-small-font-size\">Para llevar a cabo esta labor y ampliar su capacidad de atenci\u00f3n requiere contar con personal altamente capacitado y actualizado en metodolog\u00edas especializadas, tecnolog\u00eda de vanguardia en imagen y registro cerebral, y desarrollo de su infraestructura f\u00edsica. <\/p>\n\n\n\n<p class=\"has-small-font-size\">Por ello, la campa\u00f1a financiera tiene como prop\u00f3sito la capacitaci\u00f3n del personal de la unidad, la compra de equipo especializado, la renovaci\u00f3n de infraestructura y espacios de atenci\u00f3n, y la implementaci\u00f3n del programa de patrocinios Sponsor30.<\/p>\n<\/div>\n<\/div>\n\n\n\n<p><\/p>\n\n\n\n<div class=\"wp-block-cover is-light has-custom-content-position is-position-bottom-center\" style=\"min-height:246px;aspect-ratio:unset;\"><span aria-hidden=\"true\" class=\"wp-block-cover__background has-background-dim\"><\/span><img loading=\"lazy\" decoding=\"async\" width=\"1080\" height=\"356\" class=\"wp-block-cover__image-background wp-image-155\" alt=\"\" src=\"https:\/\/inb.unam.mx\/yoinb\/wp-content\/uploads\/2023\/02\/ANALIS-13_b.jpg\" data-object-fit=\"cover\"\/><div class=\"wp-block-cover__inner-container is-layout-flow wp-block-cover-is-layout-flow\">\n<p class=\"has-text-align-left has-background-color has-text-color has-large-font-size\"><strong>2.- Actualizaci\u00f3n de los resonadores de la Unidad de Resonancia Magn\u00e9tica (urm)<\/strong><\/p>\n<\/div><\/div>\n\n\n\n<div class=\"wp-block-columns is-layout-flex wp-container-core-columns-is-layout-28f84493 wp-block-columns-is-layout-flex\">\n<div class=\"wp-block-column is-content-justification-center is-layout-constrained wp-block-column-is-layout-constrained\">\n<p class=\"has-small-font-size\">La Unidad de Resonancia Magn\u00e9tica (URM) realiza anualmente un promedio de 4 mil estudios cl\u00ednicos, con una calidad de imagen por resonancia incomparable en claridad y precisi\u00f3n gracias a su combinaci\u00f3n \u00fanica de equipo de trabajo multidisciplinario altamente calificado y plataforma tecnol\u00f3gica de vanguardia.<\/p>\n\n\n\n<p class=\"has-small-font-size\">Para mantener este est\u00e1ndar de calidad, esencial para la investigaci\u00f3n cient\u00edfica y la atenci\u00f3n cl\u00ednica de alta precisi\u00f3n. <\/p>\n<\/div>\n\n\n\n<div class=\"wp-block-column is-content-justification-center is-layout-constrained wp-block-column-is-layout-constrained\">\n<p class=\"has-small-font-size\">La URM requiere actualizar sus instrumentos principales a fin de aplicar los m\u00e9todos en imagenolog\u00eda de \u00faltima generaci\u00f3n. <\/p>\n\n\n\n<p class=\"has-small-font-size\">Por ello este proyecto tiene el objetivo principal de adquirir equipo y sistemas para la reconstrucci\u00f3n de im\u00e1genes, aprovechando el magneto original existente, lo que aumentar\u00e1 su vida \u00fatil en 10 a\u00f1os por un tercio del costo de un equipo nuevo.<\/p>\n<\/div>\n<\/div>\n\n\n\n<p class=\"has-small-font-size\"><\/p>\n\n\n\n<div class=\"wp-block-cover has-custom-content-position is-position-bottom-center\" style=\"min-height:246px;aspect-ratio:unset;\"><span aria-hidden=\"true\" class=\"wp-block-cover__background has-background-dim\"><\/span><img loading=\"lazy\" decoding=\"async\" width=\"1080\" height=\"360\" class=\"wp-block-cover__image-background wp-image-157\" alt=\"\" src=\"https:\/\/inb.unam.mx\/yoinb\/wp-content\/uploads\/2023\/02\/LABO-120_b.jpg\" data-object-fit=\"cover\"\/><div class=\"wp-block-cover__inner-container is-layout-flow wp-block-cover-is-layout-flow\">\n<p class=\"has-text-align-left has-large-font-size\"><strong>3.- Modernizaci\u00f3n de las unidades de servicios especializados a la investigaci\u00f3n y a la industria.<\/strong><\/p>\n<\/div><\/div>\n\n\n\n<div class=\"wp-block-columns is-layout-flex wp-container-core-columns-is-layout-28f84493 wp-block-columns-is-layout-flex\">\n<div class=\"wp-block-column is-layout-constrained wp-block-column-is-layout-constrained\">\n<p class=\"has-small-font-size\">El INb dispone de instalaciones, tecnolog\u00eda y personal altamente especializado distribuidos en 7 unidades de servicios t\u00e9cnicos de apoyo a la investigaci\u00f3n cient\u00edfica. <\/p>\n\n\n\n<p class=\"has-small-font-size\">Esto a su vez permite dar atenci\u00f3n a los sectores p\u00fablico y privado para la realizaci\u00f3n de an\u00e1lisis especializados en las \u00e1reas de salud, farmac\u00e9utica, alimentos, manufactura y deporte, entre otros. <\/p>\n<\/div>\n\n\n\n<div class=\"wp-block-column is-layout-constrained wp-block-column-is-layout-constrained\">\n<p class=\"has-small-font-size\">La calidad de servicios como la visualizaci\u00f3n bi- y tridimensional de datos inform\u00e1ticos, la producci\u00f3n de modelos animales, y el an\u00e1lisis histol\u00f3gico microsc\u00f3pico, est\u00e1 avalada por la certificaci\u00f3n ISO 9001:2015 de sus procesos.<\/p>\n\n\n\n<p class=\"has-small-font-size\">Para mantener este nivel de calidad y competitividad es necesaria la modernizaci\u00f3n de la infraestructura tecnol\u00f3gica. Por ello, este proyecto tiene el objetivo de renovar y ampliar el equipo cient\u00edfico principal de las unidades y de sus espacios de atenci\u00f3n.<\/p>\n<\/div>\n<\/div>\n\n\n\n<p class=\"has-small-font-size\"><\/p>\n\n\n\n<div class=\"wp-block-cover has-custom-content-position is-position-bottom-center\" style=\"min-height:247px;aspect-ratio:unset;\"><span aria-hidden=\"true\" class=\"wp-block-cover__background has-background-dim\"><\/span><img loading=\"lazy\" decoding=\"async\" width=\"1067\" height=\"356\" class=\"wp-block-cover__image-background wp-image-160\" alt=\"\" src=\"https:\/\/inb.unam.mx\/yoinb\/wp-content\/uploads\/2023\/02\/ANALIS-64.jpg\" data-object-fit=\"cover\"\/><div class=\"wp-block-cover__inner-container is-layout-flow wp-block-cover-is-layout-flow\">\n<p class=\"has-text-align-left has-large-font-size\"><strong>4.- I<span dir=\"ltr\" role=\"presentation\">mpulso<\/span> <span dir=\"ltr\" role=\"presentation\">de la vinculaci\u00f3n para la investigaci\u00f3n traslacional y servicios especializados<\/span><\/strong><\/p>\n<\/div><\/div>\n\n\n\n<div class=\"wp-block-columns is-layout-flex wp-container-core-columns-is-layout-28f84493 wp-block-columns-is-layout-flex\">\n<div class=\"wp-block-column is-layout-constrained wp-block-column-is-layout-constrained\">\n<p class=\"has-small-font-size\">La solidez del trabajo acad\u00e9mico del INb ha derivado en la obtenci\u00f3n de resultados de investigaci\u00f3n con potencial de transferencia al sector salud para el desarrollo de f\u00e1rmacos, tecnolog\u00eda y atenci\u00f3n cl\u00ednica. <\/p>\n\n\n\n<p class=\"has-small-font-size\">Tal es el caso de protocolos de diagn\u00f3stico o atenci\u00f3n a pacientes, y el desarrollo de sustancias con potencial para el tratamiento de dolor, retinopat\u00edas, artritis y c\u00e1ncer.<\/p>\n<\/div>\n\n\n\n<div class=\"wp-block-column is-layout-constrained wp-block-column-is-layout-constrained\">\n<p class=\"has-small-font-size\">Para transferir estos resultados de investigaci\u00f3n en bienes y servicios que resuelvan necesidades sociales se requiere fortalecer las capacidades institucionales de maduraci\u00f3n tecnol\u00f3gica, protecci\u00f3n de propiedad intelectual, traslaci\u00f3n cl\u00ednica y colaboraci\u00f3n con empresas de sectores afines. <\/p>\n\n\n\n<p class=\"has-small-font-size\">Por lo anterior, este proyecto tiene el objetivo de robustecer la Oficina de Vinculaci\u00f3n, mediante la capacitaci\u00f3n de personal especializado en y el impulso a la certificaci\u00f3n de procesos por ISO-9000.<\/p>\n<\/div>\n<\/div>\n\n\n\n<p class=\"has-small-font-size\"><\/p>\n\n\n\n<div class=\"wp-block-cover has-custom-content-position is-position-bottom-center\" style=\"min-height:266px;aspect-ratio:unset;\"><span aria-hidden=\"true\" class=\"wp-block-cover__background has-background-dim\"><\/span><img loading=\"lazy\" decoding=\"async\" width=\"1080\" height=\"389\" class=\"wp-block-cover__image-background wp-image-162\" alt=\"\" src=\"https:\/\/inb.unam.mx\/yoinb\/wp-content\/uploads\/2023\/02\/ANALIS-1_b.jpg\" data-object-fit=\"cover\"\/><div class=\"wp-block-cover__inner-container is-layout-flow wp-block-cover-is-layout-flow\">\n<p class=\"has-text-align-left has-background-color has-text-color has-large-font-size\"><strong>5.- Fortalecimiento de la ense\u00f1anza en neurociencias<\/strong><\/p>\n<\/div><\/div>\n\n\n\n<div class=\"wp-block-columns is-layout-flex wp-container-core-columns-is-layout-28f84493 wp-block-columns-is-layout-flex\">\n<div class=\"wp-block-column is-layout-constrained wp-block-column-is-layout-constrained\">\n<p class=\"has-small-font-size\">El INb participa en diversos programas educativos en el \u00e1rea de las neurociencias incluyendo la Licenciatura en Neurociencias, la Maestr\u00eda en Ciencias (Neurobiolog\u00eda), el Doctorado en Ciencias Biom\u00e9dicas y el Doctorado en Psicolog\u00eda, en la UNAM. <\/p>\n\n\n\n<p class=\"has-small-font-size\">Adem\u00e1s, colabora programas de otras instituciones en M\u00e9xico y en el extranjero, y promueve actividades de educaci\u00f3n continua, tanto presencial como a distancia, a profesionales en salud y sociedad en general.<\/p>\n<\/div>\n\n\n\n<div class=\"wp-block-column is-layout-constrained wp-block-column-is-layout-constrained\">\n<p class=\"has-small-font-size\">Para mantener e impulsar la calidad de la formaci\u00f3n en neurociencias y \u00e1reas afines se requiere fortalecer la infraestructura y equipos de ense\u00f1anza, e incrementar la participaci\u00f3n de acad\u00e9micos notables de la comunidad internacional. <\/p>\n\n\n\n<p class=\"has-small-font-size\">Por ello, este proyecto se propone renovar el equipo con nuevas tecnolog\u00edas, implementar un programa de visitas de profesores distinguidos y aumentar la oferta de programas de educaci\u00f3n continua<\/p>\n<\/div>\n<\/div>\n\n\n\n<div style=\"height:22px\" aria-hidden=\"true\" class=\"wp-block-spacer\"><\/div>\n\n\n\n<div class=\"wp-block-buttons is-content-justification-center is-layout-flex wp-container-core-buttons-is-layout-a89b3969 wp-block-buttons-is-layout-flex\">\n<div class=\"wp-block-button has-custom-font-size is-style-fill\" style=\"font-size:1.6rem\"><a class=\"wp-block-button__link has-luminous-vivid-amber-background-color has-background has-text-align-center wp-element-button\" href=\"https:\/\/inb.unam.mx\/yoinb\/donacion\/\" style=\"border-radius:15px;padding-top:var(--wp--preset--spacing--20);padding-right:var(--wp--preset--spacing--40);padding-bottom:var(--wp--preset--spacing--20);padding-left:var(--wp--preset--spacing--40)\"><strong>Dona aqu\u00ed<\/strong><\/a><\/div>\n<\/div>\n\n\n\n<div style=\"height:14px\" aria-hidden=\"true\" class=\"wp-block-spacer\"><\/div>\n","protected":false},"excerpt":{"rendered":"<p>El\u00a0Instituto de Neurobiolog\u00eda\u00a0invita\u00a0a diversos sectores de la sociedad a contribuir con\u00a0recursos financieros que fortalecer\u00e1n la\u00a0modernizaci\u00f3n de su capacidad de investigaci\u00f3n\u00a0y de servicios, y el continuar formando\u00a0especialistas altamente competitivos. La\u00a0Campa\u00f1a Financiera Yo INb impulsar\u00e1 la\u00a0renovaci\u00f3n del equipamiento cient\u00edfico, la infraestructura experimental y los proyectos\u00a0prioritarios de vinculaci\u00f3n del INb.\u00a0\u00a0 La meta es alcanzar 50 millones de pesos. [&hellip;]<\/p>\n","protected":false},"author":2,"featured_media":0,"parent":0,"menu_order":0,"comment_status":"closed","ping_status":"closed","template":"","meta":{"footnotes":""},"class_list":["post-28","page","type-page","status-publish","hentry"],"_links":{"self":[{"href":"https:\/\/inb.unam.mx\/yoinb\/wp-json\/wp\/v2\/pages\/28","targetHints":{"allow":["GET"]}}],"collection":[{"href":"https:\/\/inb.unam.mx\/yoinb\/wp-json\/wp\/v2\/pages"}],"about":[{"href":"https:\/\/inb.unam.mx\/yoinb\/wp-json\/wp\/v2\/types\/page"}],"author":[{"embeddable":true,"href":"https:\/\/inb.unam.mx\/yoinb\/wp-json\/wp\/v2\/users\/2"}],"replies":[{"embeddable":true,"href":"https:\/\/inb.unam.mx\/yoinb\/wp-json\/wp\/v2\/comments?post=28"}],"version-history":[{"count":22,"href":"https:\/\/inb.unam.mx\/yoinb\/wp-json\/wp\/v2\/pages\/28\/revisions"}],"predecessor-version":[{"id":401,"href":"https:\/\/inb.unam.mx\/yoinb\/wp-json\/wp\/v2\/pages\/28\/revisions\/401"}],"wp:attachment":[{"href":"https:\/\/inb.unam.mx\/yoinb\/wp-json\/wp\/v2\/media?parent=28"}],"curies":[{"name":"wp","href":"https:\/\/api.w.org\/{rel}","templated":true}]}}