{"id":35,"date":"2023-02-02T14:02:20","date_gmt":"2023-02-02T20:02:20","guid":{"rendered":"https:\/\/inb.unam.mx\/yoinb\/?page_id=35"},"modified":"2023-08-17T00:49:31","modified_gmt":"2023-08-17T06:49:31","slug":"contacto","status":"publish","type":"page","link":"https:\/\/inb.unam.mx\/yoinb\/contacto\/","title":{"rendered":"Contacto"},"content":{"rendered":"\n<div class=\"wp-block-group is-layout-constrained wp-block-group-is-layout-constrained\">\n<div class=\"wp-block-group is-vertical is-content-justification-center is-layout-flex wp-container-core-group-is-layout-ef09f79c wp-block-group-is-layout-flex\" style=\"border-style:none;border-width:0px;min-height:0px;margin-top:var(--wp--preset--spacing--20);margin-bottom:var(--wp--preset--spacing--20);padding-top:0;padding-right:0px;padding-bottom:0;padding-left:0px\">\n<div class=\"wp-block-group is-layout-constrained wp-block-group-is-layout-constrained\">\n<div class=\"wp-block-columns alignfull are-vertically-aligned-center is-layout-flex wp-container-core-columns-is-layout-db8f579b wp-block-columns-is-layout-flex\" style=\"border-style:none;border-width:0px;border-radius:0px;margin-top:var(--wp--preset--spacing--20);margin-bottom:var(--wp--preset--spacing--20);padding-top:0;padding-right:0;padding-bottom:0;padding-left:0\">\n<div class=\"wp-block-column is-vertically-aligned-center is-layout-flow wp-block-column-is-layout-flow\">\n<div class=\"wp-block-group is-vertical is-content-justification-right is-layout-flex wp-container-core-group-is-layout-c0d519fa wp-block-group-is-layout-flex\">\n<div class=\"wp-block-group is-vertical is-content-justification-right is-layout-flex wp-container-core-group-is-layout-35a224b7 wp-block-group-is-layout-flex\">\n<p class=\"has-text-align-right\" style=\"margin-top:0;margin-bottom:0;padding-top:0;padding-right:0;padding-bottom:0;padding-left:0;font-size:16px\">Conoce m\u00e1s del <\/p>\n\n\n\n<p class=\"has-text-align-right\" style=\"margin-top:0;margin-bottom:0;padding-top:0;padding-right:0;padding-bottom:0;padding-left:0;font-size:16px\"><em><strong>Instituto de Neurobiolog\u00eda UNAM<\/strong><\/em><\/p>\n<\/div>\n<\/div>\n\n\n\n<h4 class=\"wp-block-heading has-text-align-right has-link-color wp-elements-7c9cd611f9ee548b93cb4275b17489da\" style=\"font-size:16px\"><strong><a href=\"http:\/\/www.inb.unam.mx\" data-type=\"link\" data-id=\"www.inb.unam.mx\" target=\"_blank\" rel=\"noreferrer noopener\">www.inb.unam.mx<\/a><\/strong><\/h4>\n\n\n\n<div style=\"height:6px\" aria-hidden=\"true\" class=\"wp-block-spacer\"><\/div>\n\n\n\n<div class=\"wp-block-group is-content-justification-right is-nowrap is-layout-flex wp-container-core-group-is-layout-17124a9a wp-block-group-is-layout-flex\">\n<figure class=\"wp-block-image size-full is-resized\"><a href=\"https:\/\/www.facebook.com\/UNAMINB\" target=\"_blank\" rel=\"noreferrer noopener\"><img loading=\"lazy\" decoding=\"async\" src=\"https:\/\/inb.unam.mx\/yoinb\/wp-content\/uploads\/2023\/08\/317752_facebook_social-media_social_icon.png\" alt=\"\" class=\"wp-image-302\" style=\"width:45px;height:45px\" width=\"45\" height=\"45\"\/><\/a><\/figure>\n\n\n\n<figure class=\"wp-block-image size-full is-resized\"><a href=\"https:\/\/www.youtube.com\/@UNAMINB \" target=\"_blank\" rel=\"noreferrer noopener\"><img loading=\"lazy\" decoding=\"async\" src=\"https:\/\/inb.unam.mx\/yoinb\/wp-content\/uploads\/2023\/08\/3225180_app_logo_media_popular_social_icon.png\" alt=\"\" class=\"wp-image-303\" style=\"width:46px;height:46px\" width=\"46\" height=\"46\"\/><\/a><\/figure>\n\n\n\n<figure class=\"wp-block-image size-full is-resized\"><a href=\"https:\/\/www.twitter.com\/UNAMINB\" target=\"_blank\" rel=\"noreferrer noopener\"><img loading=\"lazy\" decoding=\"async\" src=\"https:\/\/inb.unam.mx\/yoinb\/wp-content\/uploads\/2023\/08\/3225183_app_logo_media_popular_social_icon.png\" alt=\"\" class=\"wp-image-304\" style=\"width:46px;height:46px\" width=\"46\" height=\"46\"\/><\/a><\/figure>\n<\/div>\n\n\n\n<p class=\"has-text-align-right\" style=\"font-size:12px\"><em><a rel=\"noreferrer noopener\" href=\"https:\/\/goo.gl\/maps\/5Wsfzme3kFM3zQSj9\" target=\"_blank\">Campus UNAM 3001, C.P. 76230 Juriquilla, Quer\u00e9taro<\/a><\/em><\/p>\n\n\n\n<hr class=\"wp-block-separator has-alpha-channel-opacity is-style-wide\"\/>\n\n\n\n<div style=\"height:3px\" aria-hidden=\"true\" class=\"wp-block-spacer\"><\/div>\n\n\n\n<p class=\"has-text-align-right\" style=\"font-size:14px\">Contacta a la Oficina de Campa\u00f1a YoINb:<\/p>\n\n\n\n<p class=\"has-text-align-right has-link-color wp-elements-1dc1c3db42f9db3f11fe7ffd30d3225a\" style=\"font-size:16px\"><a href=\"mailto:yoinb@inb.unam.mx\"><strong>yoinb@inb.unam.mx<\/strong><\/a><\/p>\n<\/div>\n\n\n\n<div class=\"wp-block-column is-vertically-aligned-center is-layout-constrained wp-container-core-column-is-layout-25621829 wp-block-column-is-layout-constrained\" style=\"flex-basis:25px\">\n<div class=\"wp-block-group is-layout-constrained wp-container-core-group-is-layout-acce6d78 wp-block-group-is-layout-constrained\">\n<div style=\"height:129px\" aria-hidden=\"true\" class=\"wp-block-spacer\"><\/div>\n<\/div>\n<\/div>\n\n\n\n<div class=\"wp-block-column is-vertically-aligned-center is-layout-flow wp-block-column-is-layout-flow\">\n<iframe src=\"https:\/\/www.google.com\/maps\/embed?pb=!1m18!1m12!1m3!1d3732.223523028244!2d-100.44470059999999!3d20.701146!2m3!1f0!2f0!3f0!3m2!1i1024!2i768!4f13.1!3m3!1m2!1s0x85d3575d94098487%3A0x3984002b1678a2af!2sInstituto%20de%20Neurobiolog%C3%ADa%20UNAM!5e0!3m2!1ses!2smx!4v1692251899554!5m2!1ses!2smx\" width=\"400\" height=\"400\" style=\"border:0;\" allowfullscreen=\"\" loading=\"lazy\" referrerpolicy=\"no-referrer-when-downgrade\"><\/iframe>\n<\/div>\n<\/div>\n<\/div>\n<\/div>\n<\/div>\n\n\n\n<div style=\"height:11px\" aria-hidden=\"true\" class=\"wp-block-spacer\"><\/div>\n\n\n\n<div style=\"height:11px\" aria-hidden=\"true\" class=\"wp-block-spacer\"><\/div>\n\n\n\n<div class=\"wp-block-buttons is-content-justification-center is-layout-flex wp-container-core-buttons-is-layout-a89b3969 wp-block-buttons-is-layout-flex\">\n<div class=\"wp-block-button has-custom-font-size is-style-fill\" style=\"font-size:1.6rem\"><a class=\"wp-block-button__link has-luminous-vivid-amber-background-color has-background wp-element-button\" href=\"https:\/\/inb.unam.mx\/yoinb\/donacion\/\" style=\"border-radius:15px;padding-top:var(--wp--preset--spacing--20);padding-right:var(--wp--preset--spacing--40);padding-bottom:var(--wp--preset--spacing--20);padding-left:var(--wp--preset--spacing--40)\"><strong>Dona aqu\u00ed<\/strong><\/a><\/div>\n<\/div>\n\n\n\n<div style=\"height:11px\" aria-hidden=\"true\" class=\"wp-block-spacer\"><\/div>\n\n\n\n<p><\/p>\n","protected":false},"excerpt":{"rendered":"<p>Conoce m\u00e1s del Instituto de Neurobiolog\u00eda UNAM www.inb.unam.mx Campus UNAM 3001, C.P. 76230 Juriquilla, Quer\u00e9taro Contacta a la Oficina de Campa\u00f1a YoINb: yoinb@inb.unam.mx<\/p>\n","protected":false},"author":2,"featured_media":0,"parent":0,"menu_order":0,"comment_status":"closed","ping_status":"closed","template":"","meta":{"footnotes":""},"class_list":["post-35","page","type-page","status-publish","hentry"],"_links":{"self":[{"href":"https:\/\/inb.unam.mx\/yoinb\/wp-json\/wp\/v2\/pages\/35","targetHints":{"allow":["GET"]}}],"collection":[{"href":"https:\/\/inb.unam.mx\/yoinb\/wp-json\/wp\/v2\/pages"}],"about":[{"href":"https:\/\/inb.unam.mx\/yoinb\/wp-json\/wp\/v2\/types\/page"}],"author":[{"embeddable":true,"href":"https:\/\/inb.unam.mx\/yoinb\/wp-json\/wp\/v2\/users\/2"}],"replies":[{"embeddable":true,"href":"https:\/\/inb.unam.mx\/yoinb\/wp-json\/wp\/v2\/comments?post=35"}],"version-history":[{"count":35,"href":"https:\/\/inb.unam.mx\/yoinb\/wp-json\/wp\/v2\/pages\/35\/revisions"}],"predecessor-version":[{"id":342,"href":"https:\/\/inb.unam.mx\/yoinb\/wp-json\/wp\/v2\/pages\/35\/revisions\/342"}],"wp:attachment":[{"href":"https:\/\/inb.unam.mx\/yoinb\/wp-json\/wp\/v2\/media?parent=35"}],"curies":[{"name":"wp","href":"https:\/\/api.w.org\/{rel}","templated":true}]}}